{"id":635,"date":"2024-02-07T09:40:59","date_gmt":"2024-02-07T09:40:59","guid":{"rendered":"https:\/\/avvcanoriac.es\/vocalia-de-cultura-y-esports\/"},"modified":"2025-02-06T17:22:56","modified_gmt":"2025-02-06T17:22:56","slug":"vocalia-de-cultura-y-esports","status":"publish","type":"page","link":"https:\/\/avvcanoriac.es\/ca\/vocalia-de-cultura-y-esports\/","title":{"rendered":"Vocalia de Cultura y Esports"},"content":{"rendered":"<p>[et_pb_section fb_built=&#8221;1&#8243; _builder_version=&#8221;4.27.4&#8243; _module_preset=&#8221;default&#8221; background_color=&#8221;RGBA(255,255,255,0)&#8221; use_background_color_gradient=&#8221;on&#8221; background_color_gradient_direction=&#8221;86deg&#8221; background_color_gradient_stops=&#8221;rgba(252,231,167,0.38) 38%|rgba(255,255,255,0) 100%&#8221; background_image=&#8221;https:\/\/avvcanoriac.es\/wp-content\/uploads\/2025\/01\/port-av-ca-noriac.jpg&#8221; background_blend=&#8221;overlay&#8221; min_height_tablet=&#8221;&#8221; min_height_phone=&#8221;&#8221; min_height_last_edited=&#8221;on|desktop&#8221; height=&#8221;247px&#8221; height_tablet=&#8221;172px&#8221; height_phone=&#8221;130px&#8221; height_last_edited=&#8221;on|phone&#8221; max_height_tablet=&#8221;&#8221; max_height_phone=&#8221;&#8221; max_height_last_edited=&#8221;on|desktop&#8221; custom_css_main_element=&#8221;display: flex;||flex-direction: column;||justify-content: center;&#8221; global_colors_info=&#8221;{}&#8221;][et_pb_row _builder_version=&#8221;4.27.4&#8243; _module_preset=&#8221;default&#8221; global_colors_info=&#8221;{}&#8221;][et_pb_column type=&#8221;4_4&#8243; _builder_version=&#8221;4.27.4&#8243; _module_preset=&#8221;default&#8221; global_colors_info=&#8221;{}&#8221;][dipl_text_highlighter pre_highlighter_content=&#8221;Vocalia&#8221; highlighter_content=&#8221;de cultura&#8221; svg_type=&#8221;highlight_underline&#8221; use_as_heading=&#8221;on&#8221; svg_color=&#8221;#000000&#8243; stroke_width=&#8221;1.5&#8243; _builder_version=&#8221;4.27.4&#8243; _module_preset=&#8221;default&#8221; global_title_level=&#8221;h1&#8243; global_title_text_align=&#8221;center&#8221; global_title_text_color=&#8221;#000000&#8243; global_title_font_size=&#8221;48px&#8221; global_title_line_height=&#8221;0em&#8221; main_title_line_height=&#8221;1.3em&#8221; custom_padding=&#8221;||0px||false|false&#8221; hover_enabled=&#8221;0&#8243; global_title_font_size_tablet=&#8221;42px&#8221; global_title_font_size_phone=&#8221;27px&#8221; global_title_font_size_last_edited=&#8221;on|phone&#8221; main_title_font_size_tablet=&#8221;&#8221; main_title_font_size_phone=&#8221;&#8221; main_title_font_size_last_edited=&#8221;on|phone&#8221; main_title_letter_spacing_tablet=&#8221;&#8221; main_title_letter_spacing_phone=&#8221;&#8221; main_title_letter_spacing_last_edited=&#8221;on|phone&#8221; main_title_line_height_tablet=&#8221;1.3em&#8221; main_title_line_height_phone=&#8221;1.2em&#8221; main_title_line_height_last_edited=&#8221;on|tablet&#8221; post_title_font_size_tablet=&#8221;&#8221; post_title_font_size_phone=&#8221;&#8221; post_title_font_size_last_edited=&#8221;on|desktop&#8221; post_title_letter_spacing_tablet=&#8221;&#8221; post_title_letter_spacing_phone=&#8221;&#8221; post_title_letter_spacing_last_edited=&#8221;on|phone&#8221; post_title_line_height_tablet=&#8221;&#8221; post_title_line_height_phone=&#8221;1.3em&#8221; post_title_line_height_last_edited=&#8221;on|phone&#8221; global_colors_info=&#8221;{}&#8221; sticky_enabled=&#8221;0&#8243;][\/dipl_text_highlighter][\/et_pb_column][\/et_pb_row][\/et_pb_section][et_pb_section fb_built=&#8221;1&#8243; specialty=&#8221;on&#8221; _builder_version=&#8221;4.27.4&#8243; _module_preset=&#8221;default&#8221; inner_width=&#8221;80%&#8221; inner_max_width=&#8221;1180px&#8221; global_colors_info=&#8221;{}&#8221;][et_pb_column type=&#8221;1_4&#8243; _builder_version=&#8221;4.16&#8243; custom_padding=&#8221;|||&#8221; global_colors_info=&#8221;{}&#8221; custom_padding__hover=&#8221;|||&#8221;][et_pb_image src=&#8221;https:\/\/avvcanoriac.es\/wp-content\/uploads\/2025\/01\/vocalia-cultura-av.png&#8221; title_text=&#8221;vocalia-cultura-av&#8221; _builder_version=&#8221;4.27.4&#8243; _module_preset=&#8221;default&#8221; min_height_tablet=&#8221;&#8221; min_height_phone=&#8221;&#8221; min_height_last_edited=&#8221;on|phone&#8221; height_tablet=&#8221;205px&#8221; height_phone=&#8221;105px&#8221; height_last_edited=&#8221;on|desktop&#8221; max_height_tablet=&#8221;&#8221; max_height_phone=&#8221;&#8221; max_height_last_edited=&#8221;on|desktop&#8221; global_colors_info=&#8221;{}&#8221;][\/et_pb_image][\/et_pb_column][et_pb_column type=&#8221;3_4&#8243; specialty_columns=&#8221;3&#8243; _builder_version=&#8221;4.16&#8243; custom_padding=&#8221;|||&#8221; global_colors_info=&#8221;{}&#8221; custom_padding__hover=&#8221;|||&#8221;][et_pb_row_inner custom_padding_last_edited=&#8221;on|tablet&#8221; _builder_version=&#8221;4.27.4&#8243; _module_preset=&#8221;default&#8221; custom_margin=&#8221;||-10px||false|false&#8221; custom_margin_tablet=&#8221;||-10px||false|false&#8221; custom_margin_phone=&#8221;||-10px||false|false&#8221; custom_margin_last_edited=&#8221;on|phone&#8221; custom_padding=&#8221;24px||0px||false|false&#8221; custom_padding_tablet=&#8221;24px||0px||false|false&#8221; custom_padding_phone=&#8221;0px||||false|false&#8221; global_colors_info=&#8221;{}&#8221;][et_pb_column_inner saved_specialty_column_type=&#8221;3_4&#8243; _builder_version=&#8221;4.27.4&#8243; _module_preset=&#8221;default&#8221; global_colors_info=&#8221;{}&#8221;][et_pb_text _builder_version=&#8221;4.27.4&#8243; _module_preset=&#8221;default&#8221; header_2_text_color=&#8221;#000000&#8243; header_2_font_size=&#8221;34px&#8221; header_2_line_height=&#8221;1.2em&#8221; header_2_font_size_tablet=&#8221;34px&#8221; header_2_font_size_phone=&#8221;23px&#8221; header_2_font_size_last_edited=&#8221;on|phone&#8221; global_colors_info=&#8221;{}&#8221;]<\/p>\n<h2>ACTIVITATS DE LA VOCALIA DE CULTURA DE L\u2019AVV DE CA N\u2019ORIAC<\/h2>\n<p>[\/et_pb_text][\/et_pb_column_inner][\/et_pb_row_inner][et_pb_row_inner column_structure=&#8221;1_2,1_2&#8243; use_custom_gutter=&#8221;on&#8221; gutter_width=&#8221;2&#8243; _builder_version=&#8221;4.27.4&#8243; _module_preset=&#8221;default&#8221; global_colors_info=&#8221;{}&#8221;][et_pb_column_inner type=&#8221;1_2&#8243; saved_specialty_column_type=&#8221;3_4&#8243; _builder_version=&#8221;4.27.4&#8243; _module_preset=&#8221;default&#8221; global_colors_info=&#8221;{}&#8221;][et_pb_text _builder_version=&#8221;4.27.4&#8243; _module_preset=&#8221;default&#8221; text_font_size=&#8221;16px&#8221; text_line_height=&#8221;1.6em&#8221; header_2_text_color=&#8221;#000000&#8243; header_2_font_size=&#8221;34px&#8221; header_3_font_size=&#8221;23px&#8221; header_3_line_height=&#8221;1.2em&#8221; text_font_size_tablet=&#8221;16px&#8221; text_font_size_phone=&#8221;14px&#8221; text_font_size_last_edited=&#8221;on|phone&#8221; header_3_font_size_tablet=&#8221;23px&#8221; header_3_font_size_phone=&#8221;23px&#8221; header_3_font_size_last_edited=&#8221;on|desktop&#8221; global_colors_info=&#8221;{}&#8221;]<\/p>\n<h3>Taller d\u2019interpretaci\u00f3 teatral:<\/h3>\n<p>Dilluns de 18:00h a 20:00h \u2013Centre C\u00edvic de Ca n\u2019Oriac, taller 1-4. <br \/>Data d\u2019inici: 16\/09\/2024<br \/>Data de finalitzaci\u00f3: 20\/07\/2025<\/p>\n<h3>Assajos d\u2019interpretaci\u00f3 teatral:<\/h3>\n<p>Primer dilluns de cada mes \u2013 Centre C\u00edvic de Ca n\u2019Oriac, a l\u2019auditori.<br \/>Data d\u2019inici: 04\/11\/2024<br \/>Data de finalitzaci\u00f3: 20\/07\/2025<\/p>\n<h3>Gimn\u00e0stica, manteniment per adults:<\/h3>\n<p>Primer torn: Dilluns, dimecres i divendres de 09:00h a 10:00h<br \/>Primer torn: Dilluns, dimecres i divendres de 10:00h a 11:00h<br \/>Primer torn: Dilluns, dimecres i divendres de 11:00h a 12:00h<br \/>Centre C\u00edvic de Ca n\u2019Oriac. Sala d\u2019actes.<br \/>Data d\u2019inici: 16\/09\/2024<br \/>Data de finalitzaci\u00f3: 20\/07\/2025 <\/p>\n<h3>Gimn\u00e0stica, manteniment, grups especials:<\/h3>\n<p>Primer torn: dimarts i dijous de 09:30h a 10:30h \u2013 Pavell\u00f3 Nord, sala, 1<br \/>Segon torn: dimarts i dijous de 10:30h a 11:30h \u2013 Pavell\u00f3 Nord, sala, 1<br \/>Data d\u2019inici: 17\/09\/2024<br \/>Data de finalitzaci\u00f3: 20\/06\/2025<\/p>\n<h3>Classes d\u2019acordi\u00f3:<\/h3>\n<p>Divendres de 16:00h a 17:00h al Centre C\u00edvic de Ca n\u2019Oriac, sala d\u2019actes o aules.<br \/>Data d\u2019inici: 14\/09\/2024<br \/>Data de finalitzaci\u00f3: 20\/07\/2025<\/p>\n<h3>Cant de la Coral del Sud:<\/h3>\n<p>Dimarts de 17:00h a 20:30h al Centre C\u00edvic, auditori.<br \/>Data d\u2019inici: 17\/09\/2024<br \/>Data de finalitzaci\u00f3: 20\/07\/2025<\/p>\n<h3>Taller puntes de coix\u00ed:<\/h3>\n<p>Dilluns de 10:00h a 12:00h al Centre C\u00edvic, taller 1<br \/>Data d\u2019inici: 30\/09\/2024<br \/>Data de finalitzaci\u00f3: 20\/07\/2025<\/p>\n<p>[\/et_pb_text][\/et_pb_column_inner][et_pb_column_inner type=&#8221;1_2&#8243; saved_specialty_column_type=&#8221;3_4&#8243; _builder_version=&#8221;4.27.4&#8243; _module_preset=&#8221;default&#8221; global_colors_info=&#8221;{}&#8221;][et_pb_text _builder_version=&#8221;4.27.4&#8243; _module_preset=&#8221;default&#8221; text_font_size=&#8221;16px&#8221; text_line_height=&#8221;1.6em&#8221; header_2_text_color=&#8221;#000000&#8243; header_2_font_size=&#8221;34px&#8221; header_3_font_size=&#8221;23px&#8221; header_3_line_height=&#8221;1.2em&#8221; hover_enabled=&#8221;0&#8243; text_font_size_tablet=&#8221;16px&#8221; text_font_size_phone=&#8221;14px&#8221; text_font_size_last_edited=&#8221;on|phone&#8221; header_3_font_size_tablet=&#8221;23px&#8221; header_3_font_size_phone=&#8221;23px&#8221; header_3_font_size_last_edited=&#8221;on|desktop&#8221; global_colors_info=&#8221;{}&#8221; sticky_enabled=&#8221;0&#8243;]<\/p>\n<h3>Taller de macram\u00e9 i treballs manuals:<\/h3>\n<p>Lunes de 16:00h a 17:00h en el Centro C\u00edvico Ca n\u2019Oriac, taller 1.<br \/>Fecha de inicio: 16\/09\/2024<br \/>Fecha de finalizaci\u00f3n: 20\/07\/2025<\/p>\n<h3>Taller de mem\u00f2ria:<\/h3>\n<p>Dijous de 12:00h a 13:00h al Centre C\u00edvic de Ca n\u2019Oriac, taller 1.<br \/>\nData d\u2019inici: 24\/10\/2024<br \/>\nData de finalitzaci\u00f3: 13\/06\/2025<\/p>\n<h3>Taller d\u2019inform\u00e0tica:<\/h3>\n<p>Dilluns de 17:00h a 18:30h a la vocalia de decessos de l\u2019Associaci\u00f3 de Ve\u00efns<br \/>\nData d\u2019inici: 16\/09\/2024<br \/>\nData de finalitzaci\u00f3: 20\/07\/2025<\/p>\n<h3>Taller de Ioga:<\/h3>\n<p>Dimecres de 12:00h a 13:00h<br \/>\nData d\u2019inici: 02\/10\/2024<br \/>\nData de finalitzaci\u00f3: 20\/07\/2025<\/p>\n<h3>Curs d\u2019\u00e0rab per nens\/es i adults\/es:<\/h3>\n<p>Dimarts i dijous de 17:00h a 18:30h i de 18:30h a 20:00h, taller 1.<br \/>\nData d\u2019inici: 10\/09\/2024<br \/>\nData de finalitzaci\u00f3: 20\/07\/2025<\/p>\n<h3>Certamen literari per Sant Jordi:<\/h3>\n<p>Per a l\u2019alumnat dels centres educatius de Ca n&#8217;Oriac.<\/p>\n<h3>Certamen de fotografia:<\/h3>\n<p>Octubre de l\u2019any 2025.<\/p>\n<h3>Obres de teatre:<\/h3>\n<p>6 juliol 5 tarda: TOC _ TOC; \u201cEl Rinc\u00f3n de la Mesa\u201d a l\u2019auditori de Ca n&#8217;Oriac.<\/p>\n<h3>La Coral del Sur a Catalunya:<\/h3>\n<p>Dia 01 de febrer al Centre C\u00edvic de Ca n\u2019Oriac al Festival de m\u00fasica i cant. Dia 15 de febrer actuaci\u00f3 al Centre C\u00edvic de Sant Oleguer.<br \/>\nDia 5 d\u2019abril Festival de m\u00fasica a Can Puiggener.<br \/>\nDia 14 de juny al Centre C\u00edvic de Ca n&#8217;Oriac a les 5 tarda.[\/et_pb_text][\/et_pb_column_inner][\/et_pb_row_inner][\/et_pb_column][\/et_pb_section]<\/p>\n","protected":false},"excerpt":{"rendered":"<p><div class=\"et_pb_module dipl_text_highlighter dipl_text_highlighter_0\">\n\t\t\t\t\n\t\t\t\t\n\t\t\t\t\n\t\t\t\t\n\t\t\t\t\n\t\t\t\t\n\t\t\t\t<div class=\"et_pb_module_inner\">\n\t\t\t\t\t<div class=\"dipl_text_highlighter_wrapper dipl_highlighter_heading dipl_highlight_underline \"><h1><span class=\"dipl_text_highlighter_pre_inner_wrapper\">Vocalia&nbsp;<\/span><span class=\"dipl_text_highlighter_inner_wrapper\"><span class=\"dipl_text_highlighted_content\">de cultura<\/span><?xml version=\"1.0\" encoding=\"utf-8\"?><!-- Generator: Adobe Illustrator 24.3.0, SVG Export Plug-In . SVG Version: 6.00 Build 0)  --><svg version=\"1.1\" xmlns=\"http:\/\/www.w3.org\/2000\/svg\" xmlns:xlink=\"http:\/\/www.w3.org\/1999\/xlink\" x=\"0px\" y=\"0px\" viewBox=\"0 0 167.7 12\" style=\"enable-background:new 0 0 167.7 12;\" xml:space=\"preserve\"><style type=\"text\/css\">.st0{fill:none;stroke:#231F20;stroke-width:2.5;stroke-linecap:round;stroke-linejoin:round;}<\/style><path class=\"st0\" d=\"M3.8,8c0,0,116.5-7.5,160.1-1.8\"\/><\/svg><\/span><\/h1><\/div>\n\t\t\t\t<\/div>\n\t\t\t<\/div>ACTIVITATS DE LA VOCALIA DE CULTURA DE L\u2019AVV DE CA N\u2019ORIACTaller d\u2019interpretaci\u00f3 teatral: Dilluns de [&hellip;]<\/p>\n","protected":false},"author":1,"featured_media":0,"parent":0,"menu_order":0,"comment_status":"closed","ping_status":"closed","template":"","meta":{"_et_pb_use_builder":"on","_et_pb_old_content":"","_et_gb_content_width":"","footnotes":""},"class_list":["post-635","page","type-page","status-publish","hentry"],"_links":{"self":[{"href":"https:\/\/avvcanoriac.es\/ca\/wp-json\/wp\/v2\/pages\/635","targetHints":{"allow":["GET"]}}],"collection":[{"href":"https:\/\/avvcanoriac.es\/ca\/wp-json\/wp\/v2\/pages"}],"about":[{"href":"https:\/\/avvcanoriac.es\/ca\/wp-json\/wp\/v2\/types\/page"}],"author":[{"embeddable":true,"href":"https:\/\/avvcanoriac.es\/ca\/wp-json\/wp\/v2\/users\/1"}],"replies":[{"embeddable":true,"href":"https:\/\/avvcanoriac.es\/ca\/wp-json\/wp\/v2\/comments?post=635"}],"version-history":[{"count":3,"href":"https:\/\/avvcanoriac.es\/ca\/wp-json\/wp\/v2\/pages\/635\/revisions"}],"predecessor-version":[{"id":638,"href":"https:\/\/avvcanoriac.es\/ca\/wp-json\/wp\/v2\/pages\/635\/revisions\/638"}],"wp:attachment":[{"href":"https:\/\/avvcanoriac.es\/ca\/wp-json\/wp\/v2\/media?parent=635"}],"curies":[{"name":"wp","href":"https:\/\/api.w.org\/{rel}","templated":true}]}}