{"id":630,"date":"2024-02-07T09:41:36","date_gmt":"2024-02-07T09:41:36","guid":{"rendered":"https:\/\/avvcanoriac.es\/vocalia-de-sanitat\/"},"modified":"2025-02-06T17:14:38","modified_gmt":"2025-02-06T17:14:38","slug":"vocalia-de-sanitat","status":"publish","type":"page","link":"https:\/\/avvcanoriac.es\/ca\/vocalia-de-sanitat\/","title":{"rendered":"Vocalia de Sanitat"},"content":{"rendered":"<p>[et_pb_section fb_built=&#8221;1&#8243; _builder_version=&#8221;4.27.4&#8243; _module_preset=&#8221;default&#8221; background_color=&#8221;RGBA(255,255,255,0)&#8221; use_background_color_gradient=&#8221;on&#8221; background_color_gradient_direction=&#8221;86deg&#8221; background_color_gradient_stops=&#8221;rgba(252,231,167,0.38) 38%|rgba(255,255,255,0) 100%&#8221; background_image=&#8221;https:\/\/avvcanoriac.es\/wp-content\/uploads\/2025\/01\/port-av-ca-noriac.jpg&#8221; background_blend=&#8221;overlay&#8221; min_height_tablet=&#8221;&#8221; min_height_phone=&#8221;&#8221; min_height_last_edited=&#8221;on|desktop&#8221; height=&#8221;247px&#8221; height_tablet=&#8221;172px&#8221; height_phone=&#8221;130px&#8221; height_last_edited=&#8221;on|phone&#8221; max_height_tablet=&#8221;&#8221; max_height_phone=&#8221;&#8221; max_height_last_edited=&#8221;on|desktop&#8221; custom_css_main_element=&#8221;display: flex;||flex-direction: column;||justify-content: center;&#8221; global_colors_info=&#8221;{}&#8221;][et_pb_row _builder_version=&#8221;4.27.4&#8243; _module_preset=&#8221;default&#8221; global_colors_info=&#8221;{}&#8221;][et_pb_column type=&#8221;4_4&#8243; _builder_version=&#8221;4.27.4&#8243; _module_preset=&#8221;default&#8221; global_colors_info=&#8221;{}&#8221;][dipl_text_highlighter pre_highlighter_content=&#8221;Vocalia&#8221; highlighter_content=&#8221;de sanitat&#8221; svg_type=&#8221;highlight_underline&#8221; use_as_heading=&#8221;on&#8221; svg_color=&#8221;#000000&#8243; stroke_width=&#8221;1.5&#8243; _builder_version=&#8221;4.27.4&#8243; _module_preset=&#8221;default&#8221; global_title_level=&#8221;h1&#8243; global_title_text_align=&#8221;center&#8221; global_title_text_color=&#8221;#000000&#8243; global_title_font_size=&#8221;48px&#8221; global_title_line_height=&#8221;0em&#8221; main_title_line_height=&#8221;1.3em&#8221; custom_padding=&#8221;||0px||false|false&#8221; hover_enabled=&#8221;0&#8243; global_title_font_size_tablet=&#8221;42px&#8221; global_title_font_size_phone=&#8221;27px&#8221; global_title_font_size_last_edited=&#8221;on|phone&#8221; main_title_font_size_tablet=&#8221;&#8221; main_title_font_size_phone=&#8221;&#8221; main_title_font_size_last_edited=&#8221;on|phone&#8221; main_title_letter_spacing_tablet=&#8221;&#8221; main_title_letter_spacing_phone=&#8221;&#8221; main_title_letter_spacing_last_edited=&#8221;on|phone&#8221; main_title_line_height_tablet=&#8221;1.3em&#8221; main_title_line_height_phone=&#8221;1.2em&#8221; main_title_line_height_last_edited=&#8221;on|tablet&#8221; post_title_font_size_tablet=&#8221;&#8221; post_title_font_size_phone=&#8221;&#8221; post_title_font_size_last_edited=&#8221;on|desktop&#8221; post_title_letter_spacing_tablet=&#8221;&#8221; post_title_letter_spacing_phone=&#8221;&#8221; post_title_letter_spacing_last_edited=&#8221;on|phone&#8221; post_title_line_height_tablet=&#8221;&#8221; post_title_line_height_phone=&#8221;1.3em&#8221; post_title_line_height_last_edited=&#8221;on|phone&#8221; global_colors_info=&#8221;{}&#8221; sticky_enabled=&#8221;0&#8243;][\/dipl_text_highlighter][\/et_pb_column][\/et_pb_row][\/et_pb_section][et_pb_section fb_built=&#8221;1&#8243; custom_padding_last_edited=&#8221;on|phone&#8221; _builder_version=&#8221;4.27.4&#8243; _module_preset=&#8221;default&#8221; custom_margin_tablet=&#8221;&#8221; custom_margin_phone=&#8221;&#8221; custom_margin_last_edited=&#8221;on|desktop&#8221; custom_padding=&#8221;77px||90px||false|false&#8221; custom_padding_tablet=&#8221;51px||64px||false|false&#8221; custom_padding_phone=&#8221;17px||38px||false|false&#8221; global_colors_info=&#8221;{}&#8221;][et_pb_row column_structure=&#8221;1_3,2_3&#8243; make_equal=&#8221;on&#8221; _builder_version=&#8221;4.27.4&#8243; _module_preset=&#8221;default&#8221; max_width=&#8221;1180px&#8221; custom_margin=&#8221;||33px||false|false&#8221; custom_margin_tablet=&#8221;||-17px||false|false&#8221; custom_margin_phone=&#8221;||-28px||false|false&#8221; custom_margin_last_edited=&#8221;on|phone&#8221; global_colors_info=&#8221;{}&#8221;][et_pb_column type=&#8221;1_3&#8243; _builder_version=&#8221;4.27.4&#8243; _module_preset=&#8221;default&#8221; global_colors_info=&#8221;{}&#8221;][et_pb_image src=&#8221;https:\/\/avvcanoriac.es\/wp-content\/uploads\/2025\/01\/vocalia-sanidad-av.png&#8221; title_text=&#8221;vocalia-sanitat-av&#8221; _builder_version=&#8221;4.27.4&#8243; _module_preset=&#8221;default&#8221; min_height_tablet=&#8221;&#8221; min_height_phone=&#8221;&#8221; min_height_last_edited=&#8221;on|phone&#8221; height_tablet=&#8221;205px&#8221; height_phone=&#8221;105px&#8221; height_last_edited=&#8221;on|desktop&#8221; max_height_tablet=&#8221;&#8221; max_height_phone=&#8221;&#8221; max_height_last_edited=&#8221;on|desktop&#8221; global_colors_info=&#8221;{}&#8221;][\/et_pb_image][\/et_pb_column][et_pb_column type=&#8221;2_3&#8243; _builder_version=&#8221;4.27.4&#8243; _module_preset=&#8221;default&#8221; custom_css_main_element=&#8221;display: flex;||flex-direction: column;||justify-content: center;&#8221; global_colors_info=&#8221;{}&#8221;][et_pb_text _builder_version=&#8221;4.27.4&#8243; _module_preset=&#8221;default&#8221; text_font_size=&#8221;16px&#8221; text_line_height=&#8221;1.6em&#8221; text_font_size_tablet=&#8221;16px&#8221; text_font_size_phone=&#8221;14px&#8221; text_font_size_last_edited=&#8221;on|phone&#8221; global_colors_info=&#8221;{}&#8221;]<\/p>\n<p>La Vocalia de Sanitat de l\u2019Associaci\u00f3 de Ve\u00efns de Ca n\u2019Oriac est\u00e0 formada per <strong>Mar\u00eda F\u00e1tima \u00c1vila<\/strong> y per <strong>Mar\u00eda del Carmen Barriopedro<\/strong>. Aquesta vocalia t\u00e9 com a objectiu ajudar als ve\u00efns en els temes relacionats amb la sanitat. Procurem estar informats en tot all\u00f2 que afecta a la salut en general: Vacunes, condicions de treball dels nostres metges, infermeres i dem\u00e9s personal sanitari. Si detectem qualsevol defici\u00e8ncia en el funcionament del CAP, els hi oferim el nostre ajut i d\u2019aquesta manera contribu\u00efm a millorar la qualitat del servei que ells, com a professionals de la salut, donen als usuaris del servei.<\/p>\n<p>Sant F\u00e8lix que s\u00f3n els nostres centres de refer\u00e8ncia sanit\u00e0ria.<br \/>Ens mantenim en contacte amb els diferents organismes i associacions que s\u2019encarreguen de la salut p\u00fablica: FAVS, que ens n\u2019informen dels diferents EAP (<strong>Equip d\u2019assessorament i orientaci\u00f3 psicopedag\u00f2gica<\/strong>) i CUAP (<strong>Centre d\u2019atenci\u00f3 continuada d\u2019urg\u00e8ncies<\/strong>) de San F\u00e9lix, que son nuestros centros de referencia sanitaria.<\/p>\n<p>[\/et_pb_text][et_pb_text _builder_version=&#8221;4.27.4&#8243; _module_preset=&#8221;default&#8221; text_font_size=&#8221;16px&#8221; text_line_height=&#8221;1.6em&#8221; header_2_text_color=&#8221;#000000&#8243; text_font_size_tablet=&#8221;16px&#8221; text_font_size_phone=&#8221;14px&#8221; text_font_size_last_edited=&#8221;on|phone&#8221; global_colors_info=&#8221;{}&#8221;]<\/p>\n<h2>ACTUACI\u00d3 DE LA NOSTRA VOCALIA DURANT L\u2019ANY 2024<\/h2>\n<p>Durant el passat any i en coordinaci\u00f3 amb les diferents associacions ve\u00efnals de la nostra localitat, vam realitzar una enquesta als diferents CAPs amb l\u2019objectiu de disposar d\u2019una informaci\u00f3 fidedigna de l\u2019estat en qu\u00e8 es troba la sanitat als nostres barris.<\/p>\n<p><strong>CAP Ca n\u2019Oriac:<\/strong> L\u2019enquesta ens indica que l\u2019estat de la nostra sanitat \u00e9s favorable en quant a l\u2019activitat del nostre personal sanitari. Respecte al temps que hem d\u2019esperar per aconseguir un cita al Centre m\u00e8dic de fam\u00edlia i dem\u00e8s serveis, el resultat \u00e9s totalment satisfactori.<\/p>\n<p>Respecte de la visita als especialistes i a les diferents proves m\u00e8diques el temps d\u2019espera \u00e9s for\u00e7a superior i aix\u00ed queda patent en la resposta dels diferents enquestats.<\/p>\n<p>Per\u00f2 la queixa m\u00e9s nombrosa \u00e9s en els casos d\u2019una intervenci\u00f3 quir\u00fargica, en el qu\u00e8 els temps d\u2019espera s\u2019allarguen de manera inacceptable per als pacients necessitats d\u2019aquests serveis. \u00c9s en aquests casos quan nosaltres, com associaci\u00f3, volem contribuir a aconseguir reduir els temps d\u2019espera.<\/p>\n<p>A la darrera reuni\u00f3 que vam mantenir amb els responsables del CAP Ca n\u2019Oriac, ens van informar que el passat mes de desembre ha estat un mes dif\u00edcil degut a l\u2019increment dels casos de grip que hi ha hagut. Tamb\u00e9 ens van fer veure de la import\u00e0ncia para la nostra salut que t\u00e9 la vacunaci\u00f3, que a m\u00e9s d\u2019aconseguir reduir les malalties a nivell individual, tamb\u00e9 contribueix a millorar-ne la col\u00b7lectiva. Tamb\u00e9 ens demanen que informem als nostres ve\u00efns el que ajudaria a millorar el funcionament dels CAPs, si en el cas de no poder assistir a una cita m\u00e8dica ja concedida, l\u2019anul\u00b7l\u00e9ssim per poder donar opci\u00f3 a altres persones que ho sol\u00b7licitin.<\/p>\n<p>[\/et_pb_text][\/et_pb_column][\/et_pb_row][\/et_pb_section]<\/p>\n","protected":false},"excerpt":{"rendered":"<p><div class=\"et_pb_module dipl_text_highlighter dipl_text_highlighter_0\">\n\t\t\t\t\n\t\t\t\t\n\t\t\t\t\n\t\t\t\t\n\t\t\t\t\n\t\t\t\t\n\t\t\t\t<div class=\"et_pb_module_inner\">\n\t\t\t\t\t<div class=\"dipl_text_highlighter_wrapper dipl_highlighter_heading dipl_highlight_underline \"><h1><span class=\"dipl_text_highlighter_pre_inner_wrapper\">Vocalia&nbsp;<\/span><span class=\"dipl_text_highlighter_inner_wrapper\"><span class=\"dipl_text_highlighted_content\">de sanitat<\/span><?xml version=\"1.0\" encoding=\"utf-8\"?><!-- Generator: Adobe Illustrator 24.3.0, SVG Export Plug-In . SVG Version: 6.00 Build 0)  --><svg version=\"1.1\" xmlns=\"http:\/\/www.w3.org\/2000\/svg\" xmlns:xlink=\"http:\/\/www.w3.org\/1999\/xlink\" x=\"0px\" y=\"0px\" viewBox=\"0 0 167.7 12\" style=\"enable-background:new 0 0 167.7 12;\" xml:space=\"preserve\"><style type=\"text\/css\">.st0{fill:none;stroke:#231F20;stroke-width:2.5;stroke-linecap:round;stroke-linejoin:round;}<\/style><path class=\"st0\" d=\"M3.8,8c0,0,116.5-7.5,160.1-1.8\"\/><\/svg><\/span><\/h1><\/div>\n\t\t\t\t<\/div>\n\t\t\t<\/div>La Vocalia de Sanitat de l\u2019Associaci\u00f3 de Ve\u00efns de Ca n\u2019Oriac est\u00e0 formada per Mar\u00eda [&hellip;]<\/p>\n","protected":false},"author":1,"featured_media":0,"parent":0,"menu_order":0,"comment_status":"closed","ping_status":"closed","template":"","meta":{"_et_pb_use_builder":"on","_et_pb_old_content":"","_et_gb_content_width":"","footnotes":""},"class_list":["post-630","page","type-page","status-publish","hentry"],"_links":{"self":[{"href":"https:\/\/avvcanoriac.es\/ca\/wp-json\/wp\/v2\/pages\/630","targetHints":{"allow":["GET"]}}],"collection":[{"href":"https:\/\/avvcanoriac.es\/ca\/wp-json\/wp\/v2\/pages"}],"about":[{"href":"https:\/\/avvcanoriac.es\/ca\/wp-json\/wp\/v2\/types\/page"}],"author":[{"embeddable":true,"href":"https:\/\/avvcanoriac.es\/ca\/wp-json\/wp\/v2\/users\/1"}],"replies":[{"embeddable":true,"href":"https:\/\/avvcanoriac.es\/ca\/wp-json\/wp\/v2\/comments?post=630"}],"version-history":[{"count":4,"href":"https:\/\/avvcanoriac.es\/ca\/wp-json\/wp\/v2\/pages\/630\/revisions"}],"predecessor-version":[{"id":634,"href":"https:\/\/avvcanoriac.es\/ca\/wp-json\/wp\/v2\/pages\/630\/revisions\/634"}],"wp:attachment":[{"href":"https:\/\/avvcanoriac.es\/ca\/wp-json\/wp\/v2\/media?parent=630"}],"curies":[{"name":"wp","href":"https:\/\/api.w.org\/{rel}","templated":true}]}}