{"id":625,"date":"2024-02-07T09:42:49","date_gmt":"2024-02-07T09:42:49","guid":{"rendered":"https:\/\/avvcanoriac.es\/vocalia-de-decessos\/"},"modified":"2025-02-06T16:58:58","modified_gmt":"2025-02-06T16:58:58","slug":"vocalia-de-decessos","status":"publish","type":"page","link":"https:\/\/avvcanoriac.es\/ca\/vocalia-de-decessos\/","title":{"rendered":"Vocalia de Decessos"},"content":{"rendered":"<p>[et_pb_section fb_built=&#8221;1&#8243; _builder_version=&#8221;4.27.4&#8243; _module_preset=&#8221;default&#8221; background_color=&#8221;RGBA(255,255,255,0)&#8221; use_background_color_gradient=&#8221;on&#8221; background_color_gradient_direction=&#8221;86deg&#8221; background_color_gradient_stops=&#8221;rgba(252,231,167,0.38) 38%|rgba(255,255,255,0) 100%&#8221; background_image=&#8221;https:\/\/avvcanoriac.es\/wp-content\/uploads\/2025\/01\/port-av-ca-noriac.jpg&#8221; background_blend=&#8221;overlay&#8221; min_height_tablet=&#8221;&#8221; min_height_phone=&#8221;&#8221; min_height_last_edited=&#8221;on|desktop&#8221; height=&#8221;247px&#8221; height_tablet=&#8221;172px&#8221; height_phone=&#8221;130px&#8221; height_last_edited=&#8221;on|phone&#8221; max_height_tablet=&#8221;&#8221; max_height_phone=&#8221;&#8221; max_height_last_edited=&#8221;on|desktop&#8221; custom_css_main_element=&#8221;display: flex;||flex-direction: column;||justify-content: center;&#8221; global_colors_info=&#8221;{}&#8221;][et_pb_row _builder_version=&#8221;4.27.4&#8243; _module_preset=&#8221;default&#8221; global_colors_info=&#8221;{}&#8221;][et_pb_column type=&#8221;4_4&#8243; _builder_version=&#8221;4.27.4&#8243; _module_preset=&#8221;default&#8221; global_colors_info=&#8221;{}&#8221;][dipl_text_highlighter pre_highlighter_content=&#8221;Vocalia&#8221; highlighter_content=&#8221;de decessos&#8221; svg_type=&#8221;highlight_underline&#8221; use_as_heading=&#8221;on&#8221; svg_color=&#8221;#000000&#8243; stroke_width=&#8221;1.5&#8243; _builder_version=&#8221;4.27.4&#8243; _module_preset=&#8221;default&#8221; global_title_level=&#8221;h1&#8243; global_title_text_align=&#8221;center&#8221; global_title_text_color=&#8221;#000000&#8243; global_title_font_size=&#8221;48px&#8221; global_title_line_height=&#8221;0em&#8221; main_title_line_height=&#8221;1.3em&#8221; custom_padding=&#8221;||0px||false|false&#8221; hover_enabled=&#8221;0&#8243; global_title_font_size_tablet=&#8221;42px&#8221; global_title_font_size_phone=&#8221;27px&#8221; global_title_font_size_last_edited=&#8221;on|phone&#8221; main_title_font_size_tablet=&#8221;&#8221; main_title_font_size_phone=&#8221;&#8221; main_title_font_size_last_edited=&#8221;on|phone&#8221; main_title_letter_spacing_tablet=&#8221;&#8221; main_title_letter_spacing_phone=&#8221;&#8221; main_title_letter_spacing_last_edited=&#8221;on|phone&#8221; main_title_line_height_tablet=&#8221;1.3em&#8221; main_title_line_height_phone=&#8221;1.2em&#8221; main_title_line_height_last_edited=&#8221;on|tablet&#8221; post_title_font_size_tablet=&#8221;&#8221; post_title_font_size_phone=&#8221;&#8221; post_title_font_size_last_edited=&#8221;on|desktop&#8221; post_title_letter_spacing_tablet=&#8221;&#8221; post_title_letter_spacing_phone=&#8221;&#8221; post_title_letter_spacing_last_edited=&#8221;on|phone&#8221; post_title_line_height_tablet=&#8221;&#8221; post_title_line_height_phone=&#8221;1.3em&#8221; post_title_line_height_last_edited=&#8221;on|phone&#8221; global_colors_info=&#8221;{}&#8221; sticky_enabled=&#8221;0&#8243;][\/dipl_text_highlighter][\/et_pb_column][\/et_pb_row][\/et_pb_section][et_pb_section fb_built=&#8221;1&#8243; custom_padding_last_edited=&#8221;on|tablet&#8221; _builder_version=&#8221;4.27.4&#8243; _module_preset=&#8221;default&#8221; custom_margin_tablet=&#8221;&#8221; custom_margin_phone=&#8221;&#8221; custom_margin_last_edited=&#8221;on|phone&#8221; custom_padding=&#8221;77px||90px||false|false&#8221; custom_padding_tablet=&#8221;51px||51px||true|false&#8221; custom_padding_phone=&#8221;17px||33px||false|false&#8221; global_colors_info=&#8221;{}&#8221;][et_pb_row column_structure=&#8221;1_3,2_3&#8243; make_equal=&#8221;on&#8221; _builder_version=&#8221;4.27.4&#8243; _module_preset=&#8221;default&#8221; max_width=&#8221;1180px&#8221; custom_margin=&#8221;||33px||false|false&#8221; custom_margin_tablet=&#8221;||-17px||false|false&#8221; custom_margin_phone=&#8221;||-28px||false|false&#8221; custom_margin_last_edited=&#8221;on|phone&#8221; global_colors_info=&#8221;{}&#8221;][et_pb_column type=&#8221;1_3&#8243; _builder_version=&#8221;4.27.4&#8243; _module_preset=&#8221;default&#8221; global_colors_info=&#8221;{}&#8221;][et_pb_image src=&#8221;https:\/\/avvcanoriac.es\/wp-content\/uploads\/2025\/01\/vocalia-decesos-av.png&#8221; title_text=&#8221;vocalia-decessos-av&#8221; _builder_version=&#8221;4.27.4&#8243; _module_preset=&#8221;default&#8221; min_height_tablet=&#8221;&#8221; min_height_phone=&#8221;&#8221; min_height_last_edited=&#8221;on|phone&#8221; height_tablet=&#8221;205px&#8221; height_phone=&#8221;105px&#8221; height_last_edited=&#8221;on|desktop&#8221; max_height_tablet=&#8221;&#8221; max_height_phone=&#8221;&#8221; max_height_last_edited=&#8221;on|desktop&#8221; global_colors_info=&#8221;{}&#8221;][\/et_pb_image][\/et_pb_column][et_pb_column type=&#8221;2_3&#8243; _builder_version=&#8221;4.27.4&#8243; _module_preset=&#8221;default&#8221; custom_css_main_element=&#8221;display: flex;||flex-direction: column;||justify-content: center;&#8221; global_colors_info=&#8221;{}&#8221;][et_pb_text _builder_version=&#8221;4.27.4&#8243; _module_preset=&#8221;default&#8221; text_font_size=&#8221;16px&#8221; text_line_height=&#8221;1.6em&#8221; text_font_size_tablet=&#8221;16px&#8221; text_font_size_phone=&#8221;14px&#8221; text_font_size_last_edited=&#8221;on|phone&#8221; global_colors_info=&#8221;{}&#8221;]<\/p>\n<p>Fa m\u00e9s de 30 anys que les vocalies de decessos funcionem a Sabadell i comarca. Som persones, ve\u00efns del barri que confiem en aquest servei que fins ara, de manera ininterrompuda i amb una m\u00e9s que acceptable qualitat en el servei, presten les diferents associacions de ve\u00efns de la nostra comarca.<br \/>La seu de la Vocalia de decessos de Ca n\u2019Oriac est\u00e0 ubicada al carrer de la Font Canaleta, 61 (08207) de Sabadell. <\/p>\n<p><strong>Tel\u00e8fono:<\/strong> 93 724 31 63<\/p>\n<p><strong>Correu electr\u00f2nic:<\/strong> <a href=\"mailto:grupodecesos@avvcanoriac.es\"><span style=\"color: #333300;\">grupodecesos@avvcanoriac.es<\/span><\/a><\/p>\n<p><strong>Horari d\u2019atenci\u00f3 al p\u00fablic:<\/strong> dimarts i dijous de 10 a 12 h i de 17 a 19 h.<\/p>\n<p><strong>Quotes aplicades als socis de la Vocalia, en funci\u00f3 de l\u2019edat:<\/strong><br \/>De o a 9 anys &gt; 0 \u20ac \/ mes<br \/>De 10 a 40 anys &gt; 3,10 \u20ac \/ mes<br \/>De 41 a 60 anys &gt; 4,75 \u20ac\/ mes<br \/>Mayores de 60 anys &gt; 7 \u20ac \/ mes<\/p>\n<p><strong>Serveis que ofereix la vocalia de la Associaci\u00f3 de Ve\u00efns als seus socis:<\/strong><\/p>\n<ul>\n<li>Arca de fusta fina envernissada.<\/li>\n<li>Cotxe f\u00fanebre.<\/li>\n<li>Taxi d\u2019acompanyament.<\/li>\n<li>Una corona de flors naturals amb lla\u00e7 d\u2019inscripci\u00f3<\/li>\n<li>Sala de vetlla.<\/li>\n<li>Recordatoris i tr\u00e0mits parroquials segons costums.<\/li>\n<li>Vestir y preparar el difunt.<\/li>\n<li>Registre Civil, m\u00e8dic y tr\u00e0mits que certifiquin la defunci\u00f3.<\/li>\n<li>Impostos, taxes i despeses d\u2019inhumaci\u00f3.<\/li>\n<li>Gesti\u00f3 de documentaci\u00f3.<\/li>\n<li>Despeses de cementiri en cas de tenir sepultura en concessi\u00f3 o adjudicaci\u00f3 de n\u00ednxol a la ciutat on resideixi l\u2019associat.<\/li>\n<li>Incineraci\u00f3, si ho sol\u00b7liciten els familiars i retirada del marcap\u00e0s en cas d\u2019haver-lo.<\/li>\n<li>L\u00e0pida de marbre amb dos gerros d\u2019acer inoxidable.<\/li>\n<li>Assessorament i acompanyament personal a la fam\u00edlia.<\/li>\n<\/ul>\n<p>[\/et_pb_text][\/et_pb_column][\/et_pb_row][\/et_pb_section]<\/p>\n","protected":false},"excerpt":{"rendered":"<p><div class=\"et_pb_module dipl_text_highlighter dipl_text_highlighter_0\">\n\t\t\t\t\n\t\t\t\t\n\t\t\t\t\n\t\t\t\t\n\t\t\t\t\n\t\t\t\t\n\t\t\t\t<div class=\"et_pb_module_inner\">\n\t\t\t\t\t<div class=\"dipl_text_highlighter_wrapper dipl_highlighter_heading dipl_highlight_underline \"><h1><span class=\"dipl_text_highlighter_pre_inner_wrapper\">Vocalia&nbsp;<\/span><span class=\"dipl_text_highlighter_inner_wrapper\"><span class=\"dipl_text_highlighted_content\">de decessos<\/span><?xml version=\"1.0\" encoding=\"utf-8\"?><!-- Generator: Adobe Illustrator 24.3.0, SVG Export Plug-In . SVG Version: 6.00 Build 0)  --><svg version=\"1.1\" xmlns=\"http:\/\/www.w3.org\/2000\/svg\" xmlns:xlink=\"http:\/\/www.w3.org\/1999\/xlink\" x=\"0px\" y=\"0px\" viewBox=\"0 0 167.7 12\" style=\"enable-background:new 0 0 167.7 12;\" xml:space=\"preserve\"><style type=\"text\/css\">.st0{fill:none;stroke:#231F20;stroke-width:2.5;stroke-linecap:round;stroke-linejoin:round;}<\/style><path class=\"st0\" d=\"M3.8,8c0,0,116.5-7.5,160.1-1.8\"\/><\/svg><\/span><\/h1><\/div>\n\t\t\t\t<\/div>\n\t\t\t<\/div>Fa m\u00e9s de 30 anys que les vocalies de decessos funcionem a Sabadell i comarca. [&hellip;]<\/p>\n","protected":false},"author":1,"featured_media":0,"parent":0,"menu_order":0,"comment_status":"closed","ping_status":"closed","template":"","meta":{"_et_pb_use_builder":"on","_et_pb_old_content":"","_et_gb_content_width":"","footnotes":""},"class_list":["post-625","page","type-page","status-publish","hentry"],"_links":{"self":[{"href":"https:\/\/avvcanoriac.es\/ca\/wp-json\/wp\/v2\/pages\/625","targetHints":{"allow":["GET"]}}],"collection":[{"href":"https:\/\/avvcanoriac.es\/ca\/wp-json\/wp\/v2\/pages"}],"about":[{"href":"https:\/\/avvcanoriac.es\/ca\/wp-json\/wp\/v2\/types\/page"}],"author":[{"embeddable":true,"href":"https:\/\/avvcanoriac.es\/ca\/wp-json\/wp\/v2\/users\/1"}],"replies":[{"embeddable":true,"href":"https:\/\/avvcanoriac.es\/ca\/wp-json\/wp\/v2\/comments?post=625"}],"version-history":[{"count":3,"href":"https:\/\/avvcanoriac.es\/ca\/wp-json\/wp\/v2\/pages\/625\/revisions"}],"predecessor-version":[{"id":628,"href":"https:\/\/avvcanoriac.es\/ca\/wp-json\/wp\/v2\/pages\/625\/revisions\/628"}],"wp:attachment":[{"href":"https:\/\/avvcanoriac.es\/ca\/wp-json\/wp\/v2\/media?parent=625"}],"curies":[{"name":"wp","href":"https:\/\/api.w.org\/{rel}","templated":true}]}}