{"id":622,"date":"2024-02-07T09:41:19","date_gmt":"2024-02-07T09:41:19","guid":{"rendered":"https:\/\/avvcanoriac.es\/vocalia-durbanisme\/"},"modified":"2025-02-06T17:00:06","modified_gmt":"2025-02-06T17:00:06","slug":"vocalia-durbanisme","status":"publish","type":"page","link":"https:\/\/avvcanoriac.es\/ca\/vocalia-durbanisme\/","title":{"rendered":"Vocalia d&#8217;Urbanisme"},"content":{"rendered":"<p>[et_pb_section fb_built=&#8221;1&#8243; _builder_version=&#8221;4.27.4&#8243; _module_preset=&#8221;default&#8221; background_color=&#8221;RGBA(255,255,255,0)&#8221; use_background_color_gradient=&#8221;on&#8221; background_color_gradient_direction=&#8221;86deg&#8221; background_color_gradient_stops=&#8221;rgba(252,231,167,0.38) 38%|rgba(255,255,255,0) 100%&#8221; background_image=&#8221;https:\/\/avvcanoriac.es\/wp-content\/uploads\/2025\/01\/port-av-ca-noriac.jpg&#8221; background_blend=&#8221;overlay&#8221; min_height_tablet=&#8221;&#8221; min_height_phone=&#8221;&#8221; min_height_last_edited=&#8221;on|desktop&#8221; height=&#8221;247px&#8221; height_tablet=&#8221;172px&#8221; height_phone=&#8221;130px&#8221; height_last_edited=&#8221;on|phone&#8221; max_height_tablet=&#8221;&#8221; max_height_phone=&#8221;&#8221; max_height_last_edited=&#8221;on|desktop&#8221; custom_css_main_element=&#8221;display: flex;||flex-direction: column;||justify-content: center;&#8221; global_colors_info=&#8221;{}&#8221;][et_pb_row _builder_version=&#8221;4.27.4&#8243; _module_preset=&#8221;default&#8221; global_colors_info=&#8221;{}&#8221;][et_pb_column type=&#8221;4_4&#8243; _builder_version=&#8221;4.27.4&#8243; _module_preset=&#8221;default&#8221; global_colors_info=&#8221;{}&#8221;][dipl_text_highlighter pre_highlighter_content=&#8221;Vocal\u00eda&#8221; highlighter_content=&#8221;d&#8217;urbanisme&#8221; svg_type=&#8221;highlight_underline&#8221; use_as_heading=&#8221;on&#8221; svg_color=&#8221;#000000&#8243; stroke_width=&#8221;1.5&#8243; _builder_version=&#8221;4.27.4&#8243; _module_preset=&#8221;default&#8221; global_title_level=&#8221;h1&#8243; global_title_text_align=&#8221;center&#8221; global_title_text_color=&#8221;#000000&#8243; global_title_font_size=&#8221;48px&#8221; global_title_line_height=&#8221;0em&#8221; main_title_line_height=&#8221;1.3em&#8221; custom_padding=&#8221;||0px||false|false&#8221; hover_enabled=&#8221;0&#8243; global_title_font_size_tablet=&#8221;42px&#8221; global_title_font_size_phone=&#8221;27px&#8221; global_title_font_size_last_edited=&#8221;on|phone&#8221; main_title_font_size_tablet=&#8221;&#8221; main_title_font_size_phone=&#8221;&#8221; main_title_font_size_last_edited=&#8221;on|phone&#8221; main_title_letter_spacing_tablet=&#8221;&#8221; main_title_letter_spacing_phone=&#8221;&#8221; main_title_letter_spacing_last_edited=&#8221;on|phone&#8221; main_title_line_height_tablet=&#8221;1.3em&#8221; main_title_line_height_phone=&#8221;1.2em&#8221; main_title_line_height_last_edited=&#8221;on|tablet&#8221; post_title_font_size_tablet=&#8221;&#8221; post_title_font_size_phone=&#8221;&#8221; post_title_font_size_last_edited=&#8221;on|desktop&#8221; post_title_letter_spacing_tablet=&#8221;&#8221; post_title_letter_spacing_phone=&#8221;&#8221; post_title_letter_spacing_last_edited=&#8221;on|phone&#8221; post_title_line_height_tablet=&#8221;&#8221; post_title_line_height_phone=&#8221;1.3em&#8221; post_title_line_height_last_edited=&#8221;on|phone&#8221; global_colors_info=&#8221;{}&#8221; sticky_enabled=&#8221;0&#8243;][\/dipl_text_highlighter][\/et_pb_column][\/et_pb_row][\/et_pb_section][et_pb_section fb_built=&#8221;1&#8243; custom_padding_last_edited=&#8221;on|phone&#8221; _builder_version=&#8221;4.27.4&#8243; _module_preset=&#8221;default&#8221; custom_padding=&#8221;77px||90px||false|false&#8221; custom_padding_tablet=&#8221;51px||61px||false|false&#8221; custom_padding_phone=&#8221;17px||27px||false|false&#8221; global_colors_info=&#8221;{}&#8221;][et_pb_row column_structure=&#8221;1_3,2_3&#8243; make_equal=&#8221;on&#8221; _builder_version=&#8221;4.27.4&#8243; _module_preset=&#8221;default&#8221; max_width=&#8221;1180px&#8221; custom_margin=&#8221;||33px||false|false&#8221; custom_margin_tablet=&#8221;||-17px||false|false&#8221; custom_margin_phone=&#8221;||-28px||false|false&#8221; custom_margin_last_edited=&#8221;on|phone&#8221; global_colors_info=&#8221;{}&#8221;][et_pb_column type=&#8221;1_3&#8243; _builder_version=&#8221;4.27.4&#8243; _module_preset=&#8221;default&#8221; global_colors_info=&#8221;{}&#8221;][et_pb_image src=&#8221;https:\/\/avvcanoriac.es\/wp-content\/uploads\/2025\/01\/vocalia-urbanismo-av.png&#8221; title_text=&#8221;vocalia-urbanisme-av&#8221; _builder_version=&#8221;4.27.4&#8243; _module_preset=&#8221;default&#8221; min_height_tablet=&#8221;&#8221; min_height_phone=&#8221;&#8221; min_height_last_edited=&#8221;on|phone&#8221; height_tablet=&#8221;205px&#8221; height_phone=&#8221;105px&#8221; height_last_edited=&#8221;on|desktop&#8221; max_height_tablet=&#8221;&#8221; max_height_phone=&#8221;&#8221; max_height_last_edited=&#8221;on|desktop&#8221; global_colors_info=&#8221;{}&#8221;][\/et_pb_image][\/et_pb_column][et_pb_column type=&#8221;2_3&#8243; _builder_version=&#8221;4.27.4&#8243; _module_preset=&#8221;default&#8221; custom_css_main_element=&#8221;display: flex;||flex-direction: column;||justify-content: center;&#8221; global_colors_info=&#8221;{}&#8221;][et_pb_text _builder_version=&#8221;4.27.4&#8243; _module_preset=&#8221;default&#8221; text_font_size=&#8221;16px&#8221; text_line_height=&#8221;1.6em&#8221; text_font_size_tablet=&#8221;16px&#8221; text_font_size_phone=&#8221;14px&#8221; text_font_size_last_edited=&#8221;on|phone&#8221; global_colors_info=&#8221;{}&#8221;]<\/p>\n<p>La vocalia d&#8217;urbanisme t\u00e9 com a funci\u00f3 fer visible aquells desperfectes i car\u00e8ncies als carrers i mobiliari del nostre barri, fent-los arribar a l&#8217;Ajuntament, per mitj\u00e0 d&#8217;inst\u00e0ncies o avisos personals a qui correspongui, per solucionar-los.<\/p>\n<p>Convidem qualsevol ve\u00ed que tingui coneixement d&#8217;alguna defici\u00e8ncia en carrers o mobiliari, es posi en contacte amb nosaltres per realitzar la gesti\u00f3 corresponent davant de les persones responsables de l&#8217;Ajuntament.<\/p>\n<p>La nostra vocalia est\u00e0 formada pels ve\u00efns: Juan Ayll\u00f3n, Jos\u00e9 Torres, Andr\u00e9s Lorite i Antonio Manrique.<\/p>\n<p>[\/et_pb_text][\/et_pb_column][\/et_pb_row][et_pb_row column_structure=&#8221;1_4,3_4&#8243; use_custom_gutter=&#8221;on&#8221; gutter_width=&#8221;2&#8243; make_equal=&#8221;on&#8221; _builder_version=&#8221;4.27.4&#8243; _module_preset=&#8221;default&#8221; max_width=&#8221;1180px&#8221; global_colors_info=&#8221;{}&#8221;][et_pb_column type=&#8221;1_4&#8243; _builder_version=&#8221;4.27.4&#8243; _module_preset=&#8221;default&#8221; global_colors_info=&#8221;{}&#8221;][et_pb_image src=&#8221;https:\/\/avvcanoriac.es\/wp-content\/uploads\/2025\/01\/img-texto-urbanismo.jpg&#8221; title_text=&#8221;img-text-urbanisme&#8221; align_tablet=&#8221;center&#8221; align_phone=&#8221;center&#8221; align_last_edited=&#8221;on|phone&#8221; _builder_version=&#8221;4.27.4&#8243; _module_preset=&#8221;default&#8221; max_height=&#8221;494px&#8221; global_colors_info=&#8221;{}&#8221;][\/et_pb_image][\/et_pb_column][et_pb_column type=&#8221;3_4&#8243; _builder_version=&#8221;4.27.4&#8243; _module_preset=&#8221;default&#8221; global_colors_info=&#8221;{}&#8221;][et_pb_image src=&#8221;https:\/\/avvcanoriac.es\/wp-content\/uploads\/2025\/01\/equipo-urbanismo.jpg&#8221; title_text=&#8221;equip-urbanisme&#8221; _builder_version=&#8221;4.27.4&#8243; _module_preset=&#8221;default&#8221; global_colors_info=&#8221;{}&#8221;][\/et_pb_image][\/et_pb_column][\/et_pb_row][\/et_pb_section]<\/p>\n","protected":false},"excerpt":{"rendered":"<p><div class=\"et_pb_module dipl_text_highlighter dipl_text_highlighter_0\">\n\t\t\t\t\n\t\t\t\t\n\t\t\t\t\n\t\t\t\t\n\t\t\t\t\n\t\t\t\t\n\t\t\t\t<div class=\"et_pb_module_inner\">\n\t\t\t\t\t<div class=\"dipl_text_highlighter_wrapper dipl_highlighter_heading dipl_highlight_underline \"><h1><span class=\"dipl_text_highlighter_pre_inner_wrapper\">Vocal\u00eda&nbsp;<\/span><span class=\"dipl_text_highlighter_inner_wrapper\"><span class=\"dipl_text_highlighted_content\">d&#039;urbanisme<\/span><?xml version=\"1.0\" encoding=\"utf-8\"?><!-- Generator: Adobe Illustrator 24.3.0, SVG Export Plug-In . SVG Version: 6.00 Build 0)  --><svg version=\"1.1\" xmlns=\"http:\/\/www.w3.org\/2000\/svg\" xmlns:xlink=\"http:\/\/www.w3.org\/1999\/xlink\" x=\"0px\" y=\"0px\" viewBox=\"0 0 167.7 12\" style=\"enable-background:new 0 0 167.7 12;\" xml:space=\"preserve\"><style type=\"text\/css\">.st0{fill:none;stroke:#231F20;stroke-width:2.5;stroke-linecap:round;stroke-linejoin:round;}<\/style><path class=\"st0\" d=\"M3.8,8c0,0,116.5-7.5,160.1-1.8\"\/><\/svg><\/span><\/h1><\/div>\n\t\t\t\t<\/div>\n\t\t\t<\/div>La vocalia d&#8217;urbanisme t\u00e9 com a funci\u00f3 fer visible aquells desperfectes i car\u00e8ncies als carrers i [&hellip;]<\/p>\n","protected":false},"author":1,"featured_media":0,"parent":0,"menu_order":0,"comment_status":"closed","ping_status":"closed","template":"","meta":{"_et_pb_use_builder":"on","_et_pb_old_content":"","_et_gb_content_width":"","footnotes":""},"class_list":["post-622","page","type-page","status-publish","hentry"],"_links":{"self":[{"href":"https:\/\/avvcanoriac.es\/ca\/wp-json\/wp\/v2\/pages\/622","targetHints":{"allow":["GET"]}}],"collection":[{"href":"https:\/\/avvcanoriac.es\/ca\/wp-json\/wp\/v2\/pages"}],"about":[{"href":"https:\/\/avvcanoriac.es\/ca\/wp-json\/wp\/v2\/types\/page"}],"author":[{"embeddable":true,"href":"https:\/\/avvcanoriac.es\/ca\/wp-json\/wp\/v2\/users\/1"}],"replies":[{"embeddable":true,"href":"https:\/\/avvcanoriac.es\/ca\/wp-json\/wp\/v2\/comments?post=622"}],"version-history":[{"count":3,"href":"https:\/\/avvcanoriac.es\/ca\/wp-json\/wp\/v2\/pages\/622\/revisions"}],"predecessor-version":[{"id":629,"href":"https:\/\/avvcanoriac.es\/ca\/wp-json\/wp\/v2\/pages\/622\/revisions\/629"}],"wp:attachment":[{"href":"https:\/\/avvcanoriac.es\/ca\/wp-json\/wp\/v2\/media?parent=622"}],"curies":[{"name":"wp","href":"https:\/\/api.w.org\/{rel}","templated":true}]}}